{"id":10153,"date":"2022-05-03T10:34:40","date_gmt":"2022-05-03T09:34:40","guid":{"rendered":"https:\/\/asiadimsum.com\/sobre-nosotros\/"},"modified":"2022-12-20T16:28:09","modified_gmt":"2022-12-20T16:28:09","slug":"sobre-nosotros","status":"publish","type":"page","link":"https:\/\/asiadimsum.com\/en\/","title":{"rendered":"About us"},"content":{"rendered":"<p>[vc_row][vc_column]\n\t\t\t<!-- START asisa_slider 1 REVOLUTION SLIDER 6.2.23 --><p class=\"rs-p-wp-fix\"><\/p>\n\t\t\t<rs-module-wrap id=\"rev_slider_4_1_wrapper\" data-source=\"gallery\" style=\"background:transparent;padding:0;margin:0px auto;margin-top:0;margin-bottom:0;max-width:;\">\n\t\t\t\t<rs-module id=\"rev_slider_4_1\" style=\"\" data-version=\"6.2.23\">\n\t\t\t\t\t<rs-slides>\n\t\t\t\t\t\t<rs-slide data-key=\"rs-22\" data-title=\"Ken Burns\" data-thumb=\"\/\/asiadimsum.com\/wp-content\/uploads\/revslider\/bike-100x50.jpg\" data-anim=\"ei:d;eo:d;s:d;r:0;t:fade;sl:d;\" data-firstanim=\"t:fade;s:1500;sl:7;\">\n\t\t\t\t\t\t\t<img loading=\"lazy\" decoding=\"async\" src=\"\/\/asiadimsum.com\/wp-content\/uploads\/2022\/09\/Dimsum.jpg\" title=\"Dimsum\" width=\"1920\" height=\"755\" data-parallax=\"10\" class=\"rev-slidebg\" data-no-retina>\n<!---->\t\t\t\t\t\t<\/rs-slide>\n\t\t\t\t\t\t<rs-slide data-key=\"rs-18\" data-title=\"Ken Burns\" data-thumb=\"\/\/asiadimsum.com\/wp-content\/uploads\/revslider\/bike-100x50.jpg\" data-anim=\"ei:d;eo:d;s:d;r:0;t:fade;sl:d;\">\n\t\t\t\t\t\t\t<img loading=\"lazy\" decoding=\"async\" src=\"\/\/asiadimsum.com\/wp-content\/uploads\/2022\/09\/Gyozas.jpg\" title=\"Gyozas\" width=\"1920\" height=\"755\" data-parallax=\"10\" class=\"rev-slidebg\" data-no-retina>\n<!---->\t\t\t\t\t\t<\/rs-slide>\n\t\t\t\t\t\t<rs-slide data-key=\"rs-19\" data-title=\"Ken Burns\" data-thumb=\"\/\/asiadimsum.com\/wp-content\/uploads\/revslider\/bike-100x50.jpg\" data-anim=\"ei:d;eo:d;s:d;r:0;t:fade;sl:d;\">\n\t\t\t\t\t\t\t<img loading=\"lazy\" decoding=\"async\" src=\"\/\/asiadimsum.com\/wp-content\/uploads\/2022\/09\/PanBao.jpg\" title=\"PanBao\" width=\"1920\" height=\"755\" data-parallax=\"10\" data-panzoom=\"d:30000;ss:100;se:120;\" class=\"rev-slidebg\" data-no-retina>\n<!---->\t\t\t\t\t\t<\/rs-slide>\n\t\t\t\t\t\t<rs-slide data-key=\"rs-20\" data-title=\"Ken Burns\" data-thumb=\"\/\/asiadimsum.com\/wp-content\/uploads\/revslider\/bike-100x50.jpg\" data-anim=\"ei:d;eo:d;s:d;r:0;t:fade;sl:d;\">\n\t\t\t\t\t\t\t<img loading=\"lazy\" decoding=\"async\" src=\"\/\/asiadimsum.com\/wp-content\/uploads\/2022\/09\/SauMai.jpg\" title=\"SauMai\" width=\"1920\" height=\"755\" data-parallax=\"10\" data-panzoom=\"d:30000;ss:100;se:110%;\" class=\"rev-slidebg\" data-no-retina>\n<!---->\t\t\t\t\t\t<\/rs-slide>\n\t\t\t\t\t<\/rs-slides>\n\t\t\t\t<\/rs-module>\n\t\t\t\t<script type=\"text\/javascript\">\n\t\t\t\t\tsetREVStartSize({c: 'rev_slider_4_1',rl:[1240,1024,778,480],el:[755],gw:[1920],gh:[755],type:'standard',justify:'',layout:'fullwidth',mh:\"0\"});\n\t\t\t\t\tvar\trevapi4,\n\t\t\t\t\t\ttpj;\n\t\t\t\t\tfunction revinit_revslider41() {\n\t\t\t\t\tjQuery(function() {\n\t\t\t\t\t\ttpj = jQuery;\n\t\t\t\t\t\trevapi4 = tpj(\"#rev_slider_4_1\");\n\t\t\t\t\t\tif(revapi4==undefined || revapi4.revolution == undefined){\n\t\t\t\t\t\t\trevslider_showDoubleJqueryError(\"rev_slider_4_1\");\n\t\t\t\t\t\t}else{\n\t\t\t\t\t\t\trevapi4.revolution({\n\t\t\t\t\t\t\t\tvisibilityLevels:\"1240,1024,778,480\",\n\t\t\t\t\t\t\t\tgridwidth:1920,\n\t\t\t\t\t\t\t\tgridheight:755,\n\t\t\t\t\t\t\t\tperspective:600,\n\t\t\t\t\t\t\t\tperspectiveType:\"local\",\n\t\t\t\t\t\t\t\teditorheight:\"755,700,500,400\",\n\t\t\t\t\t\t\t\tresponsiveLevels:\"1240,1024,778,480\",\n\t\t\t\t\t\t\t\tprogressBar: {\n\t\t\t\t\t\t\t\t\tcolor:\"rgba(255,255,255,0.25)\",\n\t\t\t\t\t\t\t\t\tvertical:\"top\",\n\t\t\t\t\t\t\t\t\tsize:7,\n\t\t\t\t\t\t\t\t\tx:0,\n\t\t\t\t\t\t\t\t\ty:0\n\t\t\t\t\t\t\t\t},\n\t\t\t\t\t\t\t\tnavigation: {\n\t\t\t\t\t\t\t\t\tmouseScrollNavigation:false,\n\t\t\t\t\t\t\t\t\tonHoverStop:false,\n\t\t\t\t\t\t\t\t\ttouch: {\n\t\t\t\t\t\t\t\t\t\ttouchenabled:true\n\t\t\t\t\t\t\t\t\t},\n\t\t\t\t\t\t\t\t\tarrows: {\n\t\t\t\t\t\t\t\t\t\tenable:true,\n\t\t\t\t\t\t\t\t\t\tstyle:\"hesperiden\",\n\t\t\t\t\t\t\t\t\t\thide_onmobile:true,\n\t\t\t\t\t\t\t\t\t\thide_under:600,\n\t\t\t\t\t\t\t\t\t\thide_onleave:true,\n\t\t\t\t\t\t\t\t\t\tleft: {\n\t\t\t\t\t\t\t\t\t\t\th_offset:30\n\t\t\t\t\t\t\t\t\t\t},\n\t\t\t\t\t\t\t\t\t\tright: {\n\t\t\t\t\t\t\t\t\t\t\th_offset:30\n\t\t\t\t\t\t\t\t\t\t}\n\t\t\t\t\t\t\t\t\t}\n\t\t\t\t\t\t\t\t},\n\t\t\t\t\t\t\t\tparallax: {\n\t\t\t\t\t\t\t\t\tlevels:[2,3,4,5,6,7,12,16,10,50,47,48,49,50,51,30],\n\t\t\t\t\t\t\t\t\ttype:\"mouse\",\n\t\t\t\t\t\t\t\t\torigo:\"slidercenter\",\n\t\t\t\t\t\t\t\t\tspeed:2000\n\t\t\t\t\t\t\t\t},\n\t\t\t\t\t\t\t\tviewPort: {\n\t\t\t\t\t\t\t\t\tenable:true,\n\t\t\t\t\t\t\t\t\toutof:\"pause\",\n\t\t\t\t\t\t\t\t\tvisible_area:\"20%\"\n\t\t\t\t\t\t\t\t},\n\t\t\t\t\t\t\t\tfallbacks: {\n\t\t\t\t\t\t\t\t\tallowHTML5AutoPlayOnAndroid:true\n\t\t\t\t\t\t\t\t},\n\t\t\t\t\t\t\t});\n\t\t\t\t\t\t}\n\t\t\t\t\t\t\n\t\t\t\t\t});\n\t\t\t\t\t} \/\/ End of RevInitScript\n\t\t\t\tvar once_revslider41 = false;\n\t\t\t\tif (document.readyState === \"loading\") {document.addEventListener('readystatechange',function() { if((document.readyState === \"interactive\" || document.readyState === \"complete\") && !once_revslider41 ) { once_revslider41 = true; revinit_revslider41();}});} else {once_revslider41 = true; revinit_revslider41();}\n\t\t\t\t<\/script>\n\t\t\t\t<script>\n\t\t\t\t\tvar htmlDivCss = unescape(\"%23rev_slider_4_1_wrapper%20.hesperiden.tparrows%20%7B%0A%09cursor%3Apointer%3B%0A%09background%3Argba%280%2C0%2C0%2C0.5%29%3B%0A%09width%3A40px%3B%0A%09height%3A40px%3B%0A%09position%3Aabsolute%3B%0A%09display%3Ablock%3B%0A%09z-index%3A1000%3B%0A%20%20%20%20border-radius%3A%2050%25%3B%0A%7D%0A%23rev_slider_4_1_wrapper%20.hesperiden.tparrows%3Ahover%20%7B%0A%09background%3A%23000000%3B%0A%7D%0A%23rev_slider_4_1_wrapper%20.hesperiden.tparrows%3Abefore%20%7B%0A%09font-family%3A%20%27revicons%27%3B%0A%09font-size%3A20px%3B%0A%09color%3A%23ffffff%3B%0A%09display%3Ablock%3B%0A%09line-height%3A%2040px%3B%0A%09text-align%3A%20center%3B%0A%7D%0A%23rev_slider_4_1_wrapper%20.hesperiden.tparrows.tp-leftarrow%3Abefore%20%7B%0A%09content%3A%20%27%5Ce82c%27%3B%0A%20%20%20%20margin-left%3A-3px%3B%0A%7D%0A%23rev_slider_4_1_wrapper%20.hesperiden.tparrows.tp-rightarrow%3Abefore%20%7B%0A%09content%3A%20%27%5Ce82d%27%3B%0A%20%20%20%20margin-right%3A-3px%3B%0A%7D%0A\");\n\t\t\t\t\tvar htmlDiv = document.getElementById('rs-plugin-settings-inline-css');\n\t\t\t\t\tif(htmlDiv) {\n\t\t\t\t\t\thtmlDiv.innerHTML = htmlDiv.innerHTML + htmlDivCss;\n\t\t\t\t\t}else{\n\t\t\t\t\t\tvar htmlDiv = document.createElement('div');\n\t\t\t\t\t\thtmlDiv.innerHTML = '<style>' + htmlDivCss + '<\/style>';\n\t\t\t\t\t\tdocument.getElementsByTagName('head')[0].appendChild(htmlDiv.childNodes[0]);\n\t\t\t\t\t}\n\t\t\t\t<\/script>\n\t\t\t\t<script>\n\t\t\t\t\tvar htmlDivCss = unescape(\"%0A%0A%0A%0A%0A\");\n\t\t\t\t\tvar htmlDiv = document.getElementById('rs-plugin-settings-inline-css');\n\t\t\t\t\tif(htmlDiv) {\n\t\t\t\t\t\thtmlDiv.innerHTML = htmlDiv.innerHTML + htmlDivCss;\n\t\t\t\t\t}else{\n\t\t\t\t\t\tvar htmlDiv = document.createElement('div');\n\t\t\t\t\t\thtmlDiv.innerHTML = '<style>' + htmlDivCss + '<\/style>';\n\t\t\t\t\t\tdocument.getElementsByTagName('head')[0].appendChild(htmlDiv.childNodes[0]);\n\t\t\t\t\t}\n\t\t\t\t<\/script>\n\t\t\t<\/rs-module-wrap>\n\t\t\t<!-- END REVOLUTION SLIDER -->\n[\/vc_column][\/vc_row][vc_row row_content_width=&#8221;grid&#8221; disable_background_image=&#8221;1024&#8243; content_text_aligment=&#8221;center&#8221; css=&#8221;.vc_custom_1504259161042{padding-top: 48px !important;padding-bottom: 50px !important;}&#8221; simple_background_image=&#8221;8489&#8243;][vc_column][vc_row_inner equal_height=&#8221;yes&#8221; content_placement=&#8221;middle&#8221; content_text_aligment=&#8221;left&#8221; css=&#8221;.vc_custom_1651570957428{padding-top: 81px !important;}&#8221;][vc_column_inner offset=&#8221;vc_col-lg-6&#8243;]<div class=\"mkd-elements-holder mkd-one-column mkd-responsive-mode-768\" ><div class=\"mkd-eh-item \"  data-item-class=\"mkd-eh-custom-101163\" data-768-1024=\"0px 3% 0px 0%\" data-480=\"0px 3% 0px 0%\">\n\t<div class=\"mkd-eh-item-inner\">\n\t\t<div class=\"mkd-eh-item-content mkd-eh-custom-101163\" style=\"padding: 0px 3% 0px 8%\">\n\t\t\t<div class=\"mkd-section-title-holder  mkd-title-custom  \" >\n        <div class=\"mkd-section-title-inner\">\n                    <h5 class=\"mkd-st-subtitle\" style=\"color: #979797\">\n                <span>ABOUT US<\/span>\n            <\/h5>\n                            <h2 class=\"mkd-st-title \" >\n                <span>DACHENG FOODS S.L.<\/span>\n            <\/h2>\n                    <\/div>\n<\/div>[vc_column_text]<span style=\"color: #808285;\">DACHENG FOODS S.L. It was previously known as FU-LONG S.L., a company founded in 1996, to later be renamed DACHENG FOODS S.L in 2017.<\/span>[\/vc_column_text][vc_empty_space height=&#8221;7px&#8221;][vc_column_text]<span style=\"color: #808285;\">The company is headquartered in Castelldefels (Barcelona) and covers an area of 3,500 m2, including an independent freezer with a volume of 5,200 m3 and a flow of 900 pallets.<\/span>[\/vc_column_text]\t\t<\/div>\n\t<\/div>\n<\/div><\/div>[vc_empty_space height=&#8221;80px&#8221;][\/vc_column_inner][vc_column_inner css=&#8221;.vc_custom_1501238720419{margin-top: -50px !important;}&#8221; offset=&#8221;vc_col-lg-6&#8243;][vc_empty_space height=&#8221;50px&#8221;][vc_single_image image=&#8221;9152&#8243; img_size=&#8221;full&#8221; alignment=&#8221;center&#8221;][vc_empty_space height=&#8221;80px&#8221;][\/vc_column_inner][\/vc_row_inner][\/vc_column][\/vc_row][vc_row disable_element=&#8221;yes&#8221; row_content_width=&#8221;grid&#8221; disable_background_image=&#8221;&#8221; simple_background_image=&#8221;88&#8243; css=&#8221;.vc_custom_1666859780290{padding-top: 123px !important;padding-bottom: 118px !important;}&#8221;][vc_column offset=&#8221;vc_col-lg-offset-0&#8243;]<div class=\"mkd-section-title-holder  mkd-title-custom mkd-separator-inherit-color mkd-st-text-position-center\" style=\"text-align: center\">\n        <div class=\"mkd-section-title-inner\">\n                    <h5 class=\"mkd-st-subtitle\" style=\"color: #424242\">\n                <span>SEGURIDAD ALIMENTARIA<\/span>\n            <\/h5>\n                            <h2 class=\"mkd-st-title mkd-title-center\" style=\"color: #ffffff\">\n                <span>SISTEMA DE GESTI\u00d3N DE CALIDAD<\/span>\n            <\/h2>\n                    <\/div>\n<\/div>[vc_row_inner equal_height=&#8221;yes&#8221; content_placement=&#8221;middle&#8221;][vc_column_inner width=&#8221;1\/4&#8243;][vc_single_image image=&#8221;9000&#8243; img_size=&#8221;&#8221;][\/vc_column_inner][vc_column_inner width=&#8221;3\/4&#8243;][vc_column_text]<span style=\"color: #ffffff; font-size: 24px;\">La empresa dispone de la certificaci\u00f3n del sistema de gesti\u00f3n de calidad IFS y sistema de gesti\u00f3n de seguridad alimentaria APPCC, garantizando as\u00ed seguridad y calidad a lo largo de la cadena de suministros de todos nuestro productos.<\/span>[\/vc_column_text][\/vc_column_inner][\/vc_row_inner][\/vc_column][\/vc_row][vc_row row_content_width=&#8221;grid&#8221; disable_background_image=&#8221;1024&#8243; content_text_aligment=&#8221;center&#8221; css=&#8221;.vc_custom_1666860113438{padding-top: 48px !important;padding-bottom: 50px !important;}&#8221; simple_background_image=&#8221;9377&#8243;][vc_column][vc_row_inner equal_height=&#8221;yes&#8221; content_placement=&#8221;middle&#8221; content_text_aligment=&#8221;left&#8221; css=&#8221;.vc_custom_1651570957428{padding-top: 81px !important;}&#8221;][vc_column_inner offset=&#8221;vc_col-lg-6&#8243;]<div class=\"mkd-elements-holder mkd-one-column mkd-responsive-mode-768\" ><div class=\"mkd-eh-item \"  data-item-class=\"mkd-eh-custom-219064\" data-768-1024=\"0px 3% 0px 0%\" data-480=\"0px 3% 0px 0%\">\n\t<div class=\"mkd-eh-item-inner\">\n\t\t<div class=\"mkd-eh-item-content mkd-eh-custom-219064\" style=\"padding: 0px 3% 0px 8%\">\n\t\t\t<div class=\"mkd-section-title-holder  mkd-title-custom  \" >\n        <div class=\"mkd-section-title-inner\">\n                    <h5 class=\"mkd-st-subtitle\" style=\"color: #979797\">\n                <span>ABOUT US<\/span>\n            <\/h5>\n                            <h2 class=\"mkd-st-title \" >\n                <span>PRODUCTION SYSTEM<\/span>\n            <\/h2>\n                    <\/div>\n<\/div>[vc_column_text]<span style=\"color: #808285;\">Throughout these years, our company has been improving its production system, automating a large part of its processes with the most current and innovative technology in the sector.<\/span>[\/vc_column_text][vc_empty_space height=&#8221;7px&#8221;][vc_column_text]<span style=\"color: #808285;\">Currently, the company has more than 50 employees in the production plant and is the largest Asian manufacturer of deep-frozen foods in Catalonia.<\/span>[\/vc_column_text]\t\t<\/div>\n\t<\/div>\n<\/div><\/div>[vc_empty_space height=&#8221;80px&#8221;][\/vc_column_inner][vc_column_inner css=&#8221;.vc_custom_1501238720419{margin-top: -50px !important;}&#8221; offset=&#8221;vc_col-lg-6&#8243;][vc_empty_space height=&#8221;50px&#8221;][vc_single_image image=&#8221;9154&#8243; img_size=&#8221;full&#8221; alignment=&#8221;center&#8221;][vc_empty_space height=&#8221;80px&#8221;][\/vc_column_inner][\/vc_row_inner][\/vc_column][\/vc_row][vc_row content_text_aligment=&#8221;center&#8221; css=&#8221;.vc_custom_1651577072004{padding-bottom: 100px !important;}&#8221;][vc_column]<div class=\"mkd-elements-holder mkd-one-column mkd-responsive-mode-768\" ><div class=\"mkd-eh-item \"  data-item-class=\"mkd-eh-custom-967663\" data-1024-1280=\"49px 0% 0px\" data-768-1024=\"0px 10% 0px 10%\" data-600-768=\"0px 10% 0px 10%\" data-480-600=\"0px 10% 0px 10%\">\n\t<div class=\"mkd-eh-item-inner\">\n\t\t<div class=\"mkd-eh-item-content mkd-eh-custom-967663\" style=\"padding: 0px 0% 0px\">\n\t\t\t<div class=\"mkd-section-title-holder  mkd-title-custom  mkd-st-text-position-center\" style=\"text-align: center\">\n        <div class=\"mkd-section-title-inner\">\n                    <h5 class=\"mkd-st-subtitle\" style=\"color: #2e2e2e\">\n                <span>25 YEARS<\/span>\n            <\/h5>\n                            <h2 class=\"mkd-st-title mkd-title-center\" style=\"color: #424242\">\n                <span>ORIENTAL CUISINE<\/span>\n            <\/h2>\n                            <p class=\"mkd-st-text\" style=\"color: #808285\">For 25 years, we have focused on developing and producing the oriental cuisine that best suits the needs of the market. The company&#039;s most popular products range from Chinese Bread to classic Dim Sum. We have always been committed to offering all our customers our best disposition to provide them with high quality and healthy products.<\/p>\n            <\/div>\n<\/div>\t\t<\/div>\n\t<\/div>\n<\/div><\/div>[\/vc_column][\/vc_row][vc_row][vc_column width=&#8221;1\/6&#8243;][\/vc_column][vc_column width=&#8221;2\/6&#8243;]<div class=\"mkd-elements-holder mkd-two-columns mkd-responsive-mode-768\" ><div class=\"mkd-eh-item mkd-horizontal-alignment-center\"  data-item-class=\"mkd-eh-custom-393658\" data-600-768=\"0px 10% 0px 10%\" data-480-600=\"0px 10% 0px 10%\">\n\t<div class=\"mkd-eh-item-inner\">\n\t\t<div class=\"mkd-eh-item-content mkd-eh-custom-393658\" style=\"padding: 0px 15px 0px 15px\">\n\t\t\t<div class=\"mkd-iwt clearfix mkd-iwt-icon-top mkd-iwt-icon-medium\" style=\"background-image: url()\">\n\t<div class=\"mkd-iwt-icon\">\n\t\t\t\t\t\t\t\t\t<img loading=\"lazy\" decoding=\"async\" width=\"70\" height=\"70\" src=\"https:\/\/asiadimsum.com\/wp-content\/uploads\/2022\/10\/bollito-70.png\" class=\"attachment-full size-full\" alt=\"\" \/>\t\t\t\t\t\t<\/div>\n\t<div class=\"mkd-iwt-content\" >\n\t\t\t\t\t\t\t<p class=\"mkd-iwt-text\" style=\"color: #808285\">The elaboration of our recipes begins by strictly controlling the quality and freshness of the raw materials, such as flour, meat and vegetables. DACHENG FOODS is committed to ensuring that its products contain the minimum of additives and are free of GMOs.<\/p>\n\t\t\t<\/div>\n<\/div>\t\t<\/div>\n\t<\/div>\n<\/div><\/div>[vc_empty_space height=&#8221;80px&#8221;][\/vc_column][vc_column width=&#8221;2\/6&#8243;]<div class=\"mkd-elements-holder mkd-one-column mkd-responsive-mode-768\" ><div class=\"mkd-eh-item mkd-horizontal-alignment-center\"  data-item-class=\"mkd-eh-custom-695084\" data-600-768=\"0px 10% 0px 10%\" data-480-600=\"0px 10% 0px 10%\">\n\t<div class=\"mkd-eh-item-inner\">\n\t\t<div class=\"mkd-eh-item-content mkd-eh-custom-695084\" style=\"padding: 0px 15px 0px 15px\">\n\t\t\t<div class=\"mkd-iwt clearfix mkd-iwt-icon-top mkd-iwt-icon-medium\" style=\"background-image: url()\">\n\t<div class=\"mkd-iwt-icon\">\n\t\t\t\t\t\t\t\t\t<img loading=\"lazy\" decoding=\"async\" width=\"70\" height=\"70\" src=\"https:\/\/asiadimsum.com\/wp-content\/uploads\/2022\/10\/gyoza-70.png\" class=\"attachment-full size-full\" alt=\"\" \/>\t\t\t\t\t\t<\/div>\n\t<div class=\"mkd-iwt-content\" >\n\t\t\t\t\t\t\t<p class=\"mkd-iwt-text\" style=\"color: #808285\">All of our products, whether steamed, boiled or fried, can be easily and quickly cooked by customers, which can bring them the pleasure of eating and enjoying highly recognized and popular delicious treats of oriental food.<\/p>\n\t\t\t<\/div>\n<\/div>\t\t<\/div>\n\t<\/div>\n<\/div><\/div>[vc_empty_space height=&#8221;80px&#8221;][\/vc_column][vc_column width=&#8221;1\/6&#8243;][\/vc_column][\/vc_row][vc_row row_content_width=&#8221;grid&#8221; css=&#8221;.vc_custom_1666860530151{padding-bottom: 71px !important;}&#8221;][vc_column]<div class=\"mkd-section-title-holder  mkd-title-custom  mkd-st-text-position-center\" style=\"text-align: center\">\n        <div class=\"mkd-section-title-inner\">\n                            <h2 class=\"mkd-st-title mkd-title-center\" style=\"color: #424242\">\n                <span>DISTRIBUTION<\/span>\n            <\/h2>\n                            <p class=\"mkd-st-text\" style=\"color: #808285\">Our products cover the entire Iberian Peninsula and are also exported to other EU countries such as Germany, France, Italy, the Netherlands and Belgium. In Catalonia we have our own independent distribution system with a complete cold chain to guarantee that the products arrive at a controlled temperature and in perfect condition.<\/p>\n            <\/div>\n<\/div>[vc_empty_space height=&#8221;50px&#8221;][\/vc_column][\/vc_row][vc_row content_placement=&#8221;middle&#8221; row_content_width=&#8221;grid&#8221; disable_background_image=&#8221;&#8221; content_text_aligment=&#8221;center&#8221; css=&#8221;.vc_custom_1651574491352{padding-top: 100px !important;padding-bottom: 100px !important;}&#8221; simple_background_image=&#8221;8024&#8243;][vc_column offset=&#8221;vc_col-lg-offset-0 vc_col-lg-12 vc_col-md-offset-0 vc_col-md-12&#8243;]<div class=\"mkd-section-title-holder  mkd-title-custom mkd-separator-inherit-color mkd-st-text-position-center\" style=\"text-align: center\">\n        <div class=\"mkd-section-title-inner\">\n                            <h2 class=\"mkd-st-title mkd-title-center\" style=\"color: #b6353b\">\n                <span>FUTURE<\/span>\n            <\/h2>\n                    <\/div>\n<\/div>[vc_empty_space height=&#8221;20px&#8221;][vc_column_text css=&#8221;.vc_custom_1671553660319{padding-right: 20% !important;padding-left: 20% !important;}&#8221;]<span style=\"color: #b7b9bd; font-size: 24px;\">Looking ahead, DACHENG FOODS adheres to the concept of high-quality, healthy, innovative and integrated product with a corporate culture.<\/span><\/p>\n<p>&nbsp;<\/p>\n<p><span style=\"color: #b7b9bd; font-size: 24px;\">Based on the existing advantages, we will continue to inherit Asian cuisine!<br \/>\n<\/span>[\/vc_column_text][\/vc_column][\/vc_row]<\/p>\n","protected":false},"excerpt":{"rendered":"<p>[vc_row][vc_column][\/vc_column][\/vc_row][vc_row row_content_width=&#8221;grid&#8221; disable_background_image=&#8221;1024&#8243; content_text_aligment=&#8221;center&#8221; css=&#8221;.vc_custom_1504259161042{padding-top: 48px !important;padding-bottom: 50px !important;}&#8221; simple_background_image=&#8221;8489&#8243;][vc_column][vc_row_inner equal_height=&#8221;yes&#8221; content_placement=&#8221;middle&#8221; content_text_aligment=&#8221;left&#8221; css=&#8221;.vc_custom_1651570957428{padding-top: 81px !important;}&#8221;][vc_column_inner offset=&#8221;vc_col-lg-6&#8243;][vc_empty_space height=&#8221;80px&#8221;][\/vc_column_inner][vc_column_inner css=&#8221;.vc_custom_1501238720419{margin-top: -50px !important;}&#8221; offset=&#8221;vc_col-lg-6&#8243;][vc_empty_space height=&#8221;50px&#8221;][vc_single_image image=&#8221;9152&#8243; img_size=&#8221;full&#8221; alignment=&#8221;center&#8221;][vc_empty_space height=&#8221;80px&#8221;][\/vc_column_inner][\/vc_row_inner][\/vc_column][\/vc_row][vc_row disable_element=&#8221;yes&#8221; row_content_width=&#8221;grid&#8221; disable_background_image=&#8221;&#8221; simple_background_image=&#8221;88&#8243; css=&#8221;.vc_custom_1666859780290{padding-top: 123px !important;padding-bottom: 118px !important;}&#8221;][vc_column offset=&#8221;vc_col-lg-offset-0&#8243;][vc_row_inner equal_height=&#8221;yes&#8221; content_placement=&#8221;middle&#8221;][vc_column_inner width=&#8221;1\/4&#8243;][vc_single_image image=&#8221;9000&#8243; img_size=&#8221;&#8221;][\/vc_column_inner][vc_column_inner width=&#8221;3\/4&#8243;][vc_column_text]La empresa dispone de la certificaci\u00f3n del sistema de gesti\u00f3n de calidad IFS y sistema de gesti\u00f3n de [&hellip;]<\/p>\n","protected":false},"author":2,"featured_media":0,"parent":0,"menu_order":0,"comment_status":"closed","ping_status":"closed","template":"full-width.php","meta":{"footnotes":""},"class_list":["post-10153","page","type-page","status-publish","hentry"],"_links":{"self":[{"href":"https:\/\/asiadimsum.com\/en\/wp-json\/wp\/v2\/pages\/10153","targetHints":{"allow":["GET"]}}],"collection":[{"href":"https:\/\/asiadimsum.com\/en\/wp-json\/wp\/v2\/pages"}],"about":[{"href":"https:\/\/asiadimsum.com\/en\/wp-json\/wp\/v2\/types\/page"}],"author":[{"embeddable":true,"href":"https:\/\/asiadimsum.com\/en\/wp-json\/wp\/v2\/users\/2"}],"replies":[{"embeddable":true,"href":"https:\/\/asiadimsum.com\/en\/wp-json\/wp\/v2\/comments?post=10153"}],"version-history":[{"count":3,"href":"https:\/\/asiadimsum.com\/en\/wp-json\/wp\/v2\/pages\/10153\/revisions"}],"predecessor-version":[{"id":10156,"href":"https:\/\/asiadimsum.com\/en\/wp-json\/wp\/v2\/pages\/10153\/revisions\/10156"}],"wp:attachment":[{"href":"https:\/\/asiadimsum.com\/en\/wp-json\/wp\/v2\/media?parent=10153"}],"curies":[{"name":"wp","href":"https:\/\/api.w.org\/{rel}","templated":true}]}}