{"id":9277,"date":"2022-07-20T17:49:10","date_gmt":"2022-07-20T16:49:10","guid":{"rendered":"https:\/\/asiadimsum.com\/?post_type=product&#038;p=9277"},"modified":"2022-07-20T17:49:11","modified_gmt":"2022-07-20T16:49:11","slug":"albondigas-de-sepia","status":"publish","type":"product","link":"https:\/\/asiadimsum.com\/en\/product\/albondigas-de-sepia\/","title":{"rendered":"Alb\u00f3ndigas de sepia"},"content":{"rendered":"<p>Ingredientes:<br \/>\n<strong>Sepia<\/strong>, <strong>poton<\/strong> del pacifico, carne de cerdo, agua, f\u00e9cula de patata, estabilizante (E-1442), az\u00facar, sal, jengibre, potenciador del sabor (E-621), aceite de <strong>s\u00e9samo<\/strong> , espesante (E-412), pimienta negra.<br \/>\n<strong>*Puede contener trazas de gluten.<\/strong><\/p>\n<p>Modo de empleo: No es necesario descongelar previamente.<\/p>\n<p>-FRITO: Fre\u00edr en un sart\u00e9n con abundante aceite hasta que quede dorado.<\/p>\n","protected":false},"excerpt":{"rendered":"<p>Alb\u00f3ndigas de sepia 23gr. Precocinado y congelado.<\/p>\n","protected":false},"featured_media":9177,"template":"","meta":[],"product_brand":[],"product_cat":[15],"product_tag":[],"class_list":{"0":"post-9277","1":"product","2":"type-product","3":"status-publish","4":"has-post-thumbnail","6":"product_cat-otros","8":"first","9":"instock","10":"shipping-taxable","11":"product-type-simple"},"_links":{"self":[{"href":"https:\/\/asiadimsum.com\/en\/wp-json\/wp\/v2\/product\/9277","targetHints":{"allow":["GET"]}}],"collection":[{"href":"https:\/\/asiadimsum.com\/en\/wp-json\/wp\/v2\/product"}],"about":[{"href":"https:\/\/asiadimsum.com\/en\/wp-json\/wp\/v2\/types\/product"}],"wp:featuredmedia":[{"embeddable":true,"href":"https:\/\/asiadimsum.com\/en\/wp-json\/wp\/v2\/media\/9177"}],"wp:attachment":[{"href":"https:\/\/asiadimsum.com\/en\/wp-json\/wp\/v2\/media?parent=9277"}],"wp:term":[{"taxonomy":"product_brand","embeddable":true,"href":"https:\/\/asiadimsum.com\/en\/wp-json\/wp\/v2\/product_brand?post=9277"},{"taxonomy":"product_cat","embeddable":true,"href":"https:\/\/asiadimsum.com\/en\/wp-json\/wp\/v2\/product_cat?post=9277"},{"taxonomy":"product_tag","embeddable":true,"href":"https:\/\/asiadimsum.com\/en\/wp-json\/wp\/v2\/product_tag?post=9277"}],"curies":[{"name":"wp","href":"https:\/\/api.w.org\/{rel}","templated":true}]}}