{"id":9305,"date":"2022-07-22T17:30:10","date_gmt":"2022-07-22T16:30:10","guid":{"rendered":"https:\/\/asiadimsum.com\/?post_type=product&#038;p=9305"},"modified":"2022-08-11T17:38:05","modified_gmt":"2022-08-11T16:38:05","slug":"gyoza-tokyo-de-carne-de-cerdo","status":"publish","type":"product","link":"https:\/\/asiadimsum.com\/en\/product\/gyoza-tokyo-de-carne-de-cerdo\/","title":{"rendered":"Gyoza Tokyo de carne de cerdo"},"content":{"rendered":"<p>Ingredientes:<br \/>\nMASA: Harina de <strong>trigo<\/strong>, agua, estabilizante, aceite de girasol, emulgente , sal.<br \/>\nRELLENO: Carne de cerdo, col china, cebolla, puerro, aceite de girasol, agua, salsa de <strong>soja<\/strong>, f\u00e9cula de patata, az\u00facar, sal, <strong>huevo<\/strong> liquido, jengibre, potenciador del sabor, aceite de <strong>s\u00e9samo<\/strong>, salsa de <strong>ostra<\/strong>, pimienta negra.<\/p>\n<p><strong>*Puede contener trazas de leche.<\/strong><\/p>\n<p>Modo de empleo: No es necesario descongelar previamente.<br \/>\n-A LA PLANCHA: Poner una cuchara de aceite en una sart\u00e9n y calentar. Una vez caliente el aceite agregar el producto y dejarlo dorar durante 2 minutos, despu\u00e9s a\u00f1adir un vaso de agua (60 ml) y dejarlo hervir tapado durante 3 minutos aproximadamente. Por \u00faltimo, quitar la tapa y dejarlo 2 minutos m\u00e1s hasta que se consuma el agua.<br \/>\n-VAPOR: Cocinar al vapor (100\u00baC) durante 7-8 minutos aproximadamente.<\/p>\n","protected":false},"excerpt":{"rendered":"<p>Empanadillas con carne de cerdo (20 gr)<br \/>\nPrecocinado y congelado.<\/p>\n","protected":false},"featured_media":9209,"template":"","meta":[],"product_brand":[],"product_cat":[79],"product_tag":[],"class_list":{"0":"post-9305","1":"product","2":"type-product","3":"status-publish","4":"has-post-thumbnail","6":"product_cat-empanadillas","8":"first","9":"instock","10":"shipping-taxable","11":"product-type-simple"},"_links":{"self":[{"href":"https:\/\/asiadimsum.com\/en\/wp-json\/wp\/v2\/product\/9305","targetHints":{"allow":["GET"]}}],"collection":[{"href":"https:\/\/asiadimsum.com\/en\/wp-json\/wp\/v2\/product"}],"about":[{"href":"https:\/\/asiadimsum.com\/en\/wp-json\/wp\/v2\/types\/product"}],"wp:featuredmedia":[{"embeddable":true,"href":"https:\/\/asiadimsum.com\/en\/wp-json\/wp\/v2\/media\/9209"}],"wp:attachment":[{"href":"https:\/\/asiadimsum.com\/en\/wp-json\/wp\/v2\/media?parent=9305"}],"wp:term":[{"taxonomy":"product_brand","embeddable":true,"href":"https:\/\/asiadimsum.com\/en\/wp-json\/wp\/v2\/product_brand?post=9305"},{"taxonomy":"product_cat","embeddable":true,"href":"https:\/\/asiadimsum.com\/en\/wp-json\/wp\/v2\/product_cat?post=9305"},{"taxonomy":"product_tag","embeddable":true,"href":"https:\/\/asiadimsum.com\/en\/wp-json\/wp\/v2\/product_tag?post=9305"}],"curies":[{"name":"wp","href":"https:\/\/api.w.org\/{rel}","templated":true}]}}