{"id":9309,"date":"2022-08-11T15:13:47","date_gmt":"2022-08-11T14:13:47","guid":{"rendered":"https:\/\/asiadimsum.com\/?post_type=product&#038;p=9309"},"modified":"2022-08-11T15:13:47","modified_gmt":"2022-08-11T14:13:47","slug":"gyoza-tokyo-de-marisco","status":"publish","type":"product","link":"https:\/\/asiadimsum.com\/en\/product\/gyoza-tokyo-de-marisco\/","title":{"rendered":"Gyoza Tokyo de marisco"},"content":{"rendered":"<p>Ingredientes:<br \/>\nMASA: Harina de <strong>trigo<\/strong>, agua, estabilizante, aceite de girasol, emulgente, sal.<br \/>\nRELLENO: Cola de <strong>langostino<\/strong>, <strong>poton<\/strong> del pacifico, cebolla, <strong>sepia<\/strong>, carne de <strong>pescado<\/strong> procesada, agua, almid\u00f3n de ma\u00edz, almid\u00f3n de<strong> trigo<\/strong>, aceite de <strong>soja<\/strong>, extracto de<strong> cangrejo<\/strong>, carne de cerdo, bamb\u00fa, calabac\u00edn, f\u00e9cula de patata, zanahoria, aceite de girasol, agua, az\u00facar, sal, jengibre, potenciador del sabor, aceite de<strong> s\u00e9samo<\/strong>, salsa de <strong>ostra<\/strong>, pimienta negra.<\/p>\n<p><strong>*Puede contener trazas de leche.<\/strong><\/p>\n<p>Modo de empleo:<\/p>\n<p>No es necesario descongelar previamente.<br \/>\n-A LA PLANCHA: Poner una cuchara de aceite en una sart\u00e9n y calentar. Una vez caliente el aceite agregar el producto y dejarlo dorar durante 2 minutos, despu\u00e9s a\u00f1adir un vaso de agua (60 ml) y dejarlo hervir tapado durante 3 minutos aproximadamente. Por \u00faltimo, quitar la tapa y dejarlo 2 minutos m\u00e1s hasta que se consuma el agua.<br \/>\n-VAPOR: Cocinar al vapor (100\u00baC) durante 7-8 minutos aproximadamente.<\/p>\n","protected":false},"excerpt":{"rendered":"<p>Empanadillas con marisco (20 gr)<br \/>\nPrecocinado y congelado.<\/p>\n","protected":false},"featured_media":9210,"template":"","meta":[],"product_brand":[],"product_cat":[79],"product_tag":[],"class_list":{"0":"post-9309","1":"product","2":"type-product","3":"status-publish","4":"has-post-thumbnail","6":"product_cat-empanadillas","8":"first","9":"instock","10":"shipping-taxable","11":"product-type-simple"},"_links":{"self":[{"href":"https:\/\/asiadimsum.com\/en\/wp-json\/wp\/v2\/product\/9309","targetHints":{"allow":["GET"]}}],"collection":[{"href":"https:\/\/asiadimsum.com\/en\/wp-json\/wp\/v2\/product"}],"about":[{"href":"https:\/\/asiadimsum.com\/en\/wp-json\/wp\/v2\/types\/product"}],"wp:featuredmedia":[{"embeddable":true,"href":"https:\/\/asiadimsum.com\/en\/wp-json\/wp\/v2\/media\/9210"}],"wp:attachment":[{"href":"https:\/\/asiadimsum.com\/en\/wp-json\/wp\/v2\/media?parent=9309"}],"wp:term":[{"taxonomy":"product_brand","embeddable":true,"href":"https:\/\/asiadimsum.com\/en\/wp-json\/wp\/v2\/product_brand?post=9309"},{"taxonomy":"product_cat","embeddable":true,"href":"https:\/\/asiadimsum.com\/en\/wp-json\/wp\/v2\/product_cat?post=9309"},{"taxonomy":"product_tag","embeddable":true,"href":"https:\/\/asiadimsum.com\/en\/wp-json\/wp\/v2\/product_tag?post=9309"}],"curies":[{"name":"wp","href":"https:\/\/api.w.org\/{rel}","templated":true}]}}