{"id":9311,"date":"2022-08-11T15:26:28","date_gmt":"2022-08-11T14:26:28","guid":{"rendered":"https:\/\/asiadimsum.com\/?post_type=product&#038;p=9311"},"modified":"2022-08-11T15:26:28","modified_gmt":"2022-08-11T14:26:28","slug":"gyoza-osaka-vegetal-con-setas","status":"publish","type":"product","link":"https:\/\/asiadimsum.com\/en\/product\/gyoza-osaka-vegetal-con-setas\/","title":{"rendered":"Gyoza Osaka vegetal con setas"},"content":{"rendered":"<p>Ingredientes:<br \/>\nMASA: Harina de <strong>trigo<\/strong>, agua, estabilizante, aceite de girasol, sal, emulgente.<br \/>\nRELLENO: Col, bamb\u00fa, cebolla, patata, puerro, champi\u00f1\u00f3n, agua, zanahoria, f\u00e9cula de patata, aceite de girasol, seta seca, az\u00facar, sal, salsa de <strong>soja<\/strong>, aceite de <strong>s\u00e9samo<\/strong>, potenciador del sabor, pimienta negra.<\/p>\n<p><strong>*Puede contener trazas de leche.<\/strong><\/p>\n<p>Modo de empleo:<\/p>\n<p>No es necesario descongelar previamente.<br \/>\n-A LA PLANCHA: Poner una cuchara de aceite en una sart\u00e9n y calentar. Una vez caliente el aceite agregar el producto y dejarlo dorar durante 2 minutos, despu\u00e9s a\u00f1adir un vaso de agua (60 ml) y dejarlo hervir tapado durante 3 minutos aproximadamente. Por \u00faltimo, quitar la tapa y dejarlo 2 minutos m\u00e1s hasta que se consuma el agua.<br \/>\n-VAPOR: Cocinar al vapor (100\u00baC) durante 7-8 minutos aproximadamente.<\/p>\n","protected":false},"excerpt":{"rendered":"<p>Empanadillas con verduras y setas (27 gr)<br \/>\nPrecocinado y congelado.<\/p>\n","protected":false},"featured_media":9296,"template":"","meta":[],"product_brand":[],"product_cat":[79],"product_tag":[],"class_list":{"0":"post-9311","1":"product","2":"type-product","3":"status-publish","4":"has-post-thumbnail","6":"product_cat-empanadillas","8":"first","9":"instock","10":"shipping-taxable","11":"product-type-simple"},"_links":{"self":[{"href":"https:\/\/asiadimsum.com\/en\/wp-json\/wp\/v2\/product\/9311","targetHints":{"allow":["GET"]}}],"collection":[{"href":"https:\/\/asiadimsum.com\/en\/wp-json\/wp\/v2\/product"}],"about":[{"href":"https:\/\/asiadimsum.com\/en\/wp-json\/wp\/v2\/types\/product"}],"wp:featuredmedia":[{"embeddable":true,"href":"https:\/\/asiadimsum.com\/en\/wp-json\/wp\/v2\/media\/9296"}],"wp:attachment":[{"href":"https:\/\/asiadimsum.com\/en\/wp-json\/wp\/v2\/media?parent=9311"}],"wp:term":[{"taxonomy":"product_brand","embeddable":true,"href":"https:\/\/asiadimsum.com\/en\/wp-json\/wp\/v2\/product_brand?post=9311"},{"taxonomy":"product_cat","embeddable":true,"href":"https:\/\/asiadimsum.com\/en\/wp-json\/wp\/v2\/product_cat?post=9311"},{"taxonomy":"product_tag","embeddable":true,"href":"https:\/\/asiadimsum.com\/en\/wp-json\/wp\/v2\/product_tag?post=9311"}],"curies":[{"name":"wp","href":"https:\/\/api.w.org\/{rel}","templated":true}]}}