{"id":9312,"date":"2022-08-11T15:30:36","date_gmt":"2022-08-11T14:30:36","guid":{"rendered":"https:\/\/asiadimsum.com\/?post_type=product&#038;p=9312"},"modified":"2022-08-11T15:30:37","modified_gmt":"2022-08-11T14:30:37","slug":"gyoza-osaka-de-marisco","status":"publish","type":"product","link":"https:\/\/asiadimsum.com\/en\/product\/gyoza-osaka-de-marisco\/","title":{"rendered":"Gyoza Osaka de marisco"},"content":{"rendered":"<p>Ingredientes:<br \/>\nMASA: Harina de <strong>trigo<\/strong>, agua, estabilizante, aceite de girasol, sal, emulgente.<br \/>\nRELLENO: Col, cola de<strong> langostino<\/strong>, cebolla, <strong>sepia<\/strong>, <strong>poton<\/strong> del pacifico, carne de cerdo, puerro, aceite de girasol, f\u00e9cula de patata, agua, az\u00facar, sal, <strong>huevo<\/strong> liquido pasteurizado, jengibre, aceite de <strong>s\u00e9samo<\/strong>, potenciador del sabor, pimienta negra.<\/p>\n<p><strong>*Puede contener trazas de leche.<\/strong><\/p>\n<p>Modo de empleo:<\/p>\n<p>No es necesario descongelar previamente.<\/p>\n<p>-A LA PLANCHA: Poner una cuchara de aceite en una sart\u00e9n y calentar. Una vez caliente el aceite agregar el producto y dejarlo dorar durante 2 minutos, despu\u00e9s a\u00f1adir un vaso de agua (60 ml) y dejarlo hervir tapado durante 3 minutos aproximadamente. Por \u00faltimo, quitar la tapa y dejarlo 2 minutos m\u00e1s hasta que se consuma el agua.<br \/>\n-VAPOR: Cocinar al vapor (100\u00baC) durante 7-8 minutos aproximadamente.<\/p>\n","protected":false},"excerpt":{"rendered":"<p>Empanadillas con marisco (27 gr)<br \/>\nPrecocinado y congelado.<\/p>\n","protected":false},"featured_media":9297,"template":"","meta":[],"product_brand":[],"product_cat":[79],"product_tag":[],"class_list":{"0":"post-9312","1":"product","2":"type-product","3":"status-publish","4":"has-post-thumbnail","6":"product_cat-empanadillas","8":"first","9":"instock","10":"shipping-taxable","11":"product-type-simple"},"_links":{"self":[{"href":"https:\/\/asiadimsum.com\/en\/wp-json\/wp\/v2\/product\/9312","targetHints":{"allow":["GET"]}}],"collection":[{"href":"https:\/\/asiadimsum.com\/en\/wp-json\/wp\/v2\/product"}],"about":[{"href":"https:\/\/asiadimsum.com\/en\/wp-json\/wp\/v2\/types\/product"}],"wp:featuredmedia":[{"embeddable":true,"href":"https:\/\/asiadimsum.com\/en\/wp-json\/wp\/v2\/media\/9297"}],"wp:attachment":[{"href":"https:\/\/asiadimsum.com\/en\/wp-json\/wp\/v2\/media?parent=9312"}],"wp:term":[{"taxonomy":"product_brand","embeddable":true,"href":"https:\/\/asiadimsum.com\/en\/wp-json\/wp\/v2\/product_brand?post=9312"},{"taxonomy":"product_cat","embeddable":true,"href":"https:\/\/asiadimsum.com\/en\/wp-json\/wp\/v2\/product_cat?post=9312"},{"taxonomy":"product_tag","embeddable":true,"href":"https:\/\/asiadimsum.com\/en\/wp-json\/wp\/v2\/product_tag?post=9312"}],"curies":[{"name":"wp","href":"https:\/\/api.w.org\/{rel}","templated":true}]}}