{"id":9314,"date":"2022-08-11T15:42:02","date_gmt":"2022-08-11T14:42:02","guid":{"rendered":"https:\/\/asiadimsum.com\/?post_type=product&#038;p=9314"},"modified":"2022-08-11T15:42:02","modified_gmt":"2022-08-11T14:42:02","slug":"rollito-de-primavera-de-pollo-40gr","status":"publish","type":"product","link":"https:\/\/asiadimsum.com\/en\/product\/rollito-de-primavera-de-pollo-40gr\/","title":{"rendered":"Rollito de primavera de pollo 40gr"},"content":{"rendered":"<p>Ingredientes:<\/p>\n<p>Harina de <strong>trigo<\/strong>, col, carne de pollo, zanahoria, cebolla, az\u00facar, agua, salsa de <strong>soja<\/strong>, aceite de palma, sal, ajo, f\u00e9cula de patata, potenciador del sabor, jengibre, aceite de <strong>s\u00e9samo<\/strong> y pimienta blanca.<\/p>\n<p>Modo de empleo: No es necesario descongelar previamente. FRITO: Fre\u00edr en una sart\u00e9n con abundante aceite hasta que quede dorado.<\/p>\n","protected":false},"excerpt":{"rendered":"<p>Ingredientes: Harina de trigo, col, carne de pollo, zanahoria, cebolla, az\u00facar, agua, salsa de soja, aceite de palma, sal, ajo, f\u00e9cula de patata, potenciador del sabor, jengibre, aceite de s\u00e9samo y pimienta blanca. Modo de empleo: No es necesario descongelar previamente. FRITO: Fre\u00edr en una sart\u00e9n con abundante aceite hasta que quede dorado.<\/p>\n","protected":false},"featured_media":9215,"template":"","meta":[],"product_brand":[],"product_cat":[15],"product_tag":[],"class_list":{"0":"post-9314","1":"product","2":"type-product","3":"status-publish","4":"has-post-thumbnail","6":"product_cat-otros","8":"first","9":"instock","10":"shipping-taxable","11":"product-type-simple"},"_links":{"self":[{"href":"https:\/\/asiadimsum.com\/en\/wp-json\/wp\/v2\/product\/9314","targetHints":{"allow":["GET"]}}],"collection":[{"href":"https:\/\/asiadimsum.com\/en\/wp-json\/wp\/v2\/product"}],"about":[{"href":"https:\/\/asiadimsum.com\/en\/wp-json\/wp\/v2\/types\/product"}],"wp:featuredmedia":[{"embeddable":true,"href":"https:\/\/asiadimsum.com\/en\/wp-json\/wp\/v2\/media\/9215"}],"wp:attachment":[{"href":"https:\/\/asiadimsum.com\/en\/wp-json\/wp\/v2\/media?parent=9314"}],"wp:term":[{"taxonomy":"product_brand","embeddable":true,"href":"https:\/\/asiadimsum.com\/en\/wp-json\/wp\/v2\/product_brand?post=9314"},{"taxonomy":"product_cat","embeddable":true,"href":"https:\/\/asiadimsum.com\/en\/wp-json\/wp\/v2\/product_cat?post=9314"},{"taxonomy":"product_tag","embeddable":true,"href":"https:\/\/asiadimsum.com\/en\/wp-json\/wp\/v2\/product_tag?post=9314"}],"curies":[{"name":"wp","href":"https:\/\/api.w.org\/{rel}","templated":true}]}}