{"id":9315,"date":"2022-08-11T15:47:27","date_gmt":"2022-08-11T14:47:27","guid":{"rendered":"https:\/\/asiadimsum.com\/?post_type=product&#038;p=9315"},"modified":"2022-08-11T15:47:48","modified_gmt":"2022-08-11T14:47:48","slug":"rollito-vegetal-40gr","status":"publish","type":"product","link":"https:\/\/asiadimsum.com\/en\/product\/rollito-vegetal-40gr\/","title":{"rendered":"Rollito vegetal 40gr"},"content":{"rendered":"<p>Ingredientes:<br \/>\nRepollo, harina de <strong>trigo<\/strong>, zanahoria, champi\u00f1\u00f3n, jud\u00eda verde, patata, cebolla, jengibre, ajo, agua, sal, az\u00facar, potenciador del sabor y aceite de palma.<\/p>\n<p>Modo de empleo: No es necesario descongelar previamente. FRITO: Fre\u00edr en una sart\u00e9n con abundante aceite hasta que quede dorado.<\/p>\n","protected":false},"excerpt":{"rendered":"<p>Rollitos rellenos de verduras (40gr)<br \/>\nPrecocinado y congelado.<\/p>\n","protected":false},"featured_media":9216,"template":"","meta":[],"product_brand":[],"product_cat":[15],"product_tag":[],"class_list":{"0":"post-9315","1":"product","2":"type-product","3":"status-publish","4":"has-post-thumbnail","6":"product_cat-otros","8":"first","9":"instock","10":"shipping-taxable","11":"product-type-simple"},"_links":{"self":[{"href":"https:\/\/asiadimsum.com\/en\/wp-json\/wp\/v2\/product\/9315","targetHints":{"allow":["GET"]}}],"collection":[{"href":"https:\/\/asiadimsum.com\/en\/wp-json\/wp\/v2\/product"}],"about":[{"href":"https:\/\/asiadimsum.com\/en\/wp-json\/wp\/v2\/types\/product"}],"wp:featuredmedia":[{"embeddable":true,"href":"https:\/\/asiadimsum.com\/en\/wp-json\/wp\/v2\/media\/9216"}],"wp:attachment":[{"href":"https:\/\/asiadimsum.com\/en\/wp-json\/wp\/v2\/media?parent=9315"}],"wp:term":[{"taxonomy":"product_brand","embeddable":true,"href":"https:\/\/asiadimsum.com\/en\/wp-json\/wp\/v2\/product_brand?post=9315"},{"taxonomy":"product_cat","embeddable":true,"href":"https:\/\/asiadimsum.com\/en\/wp-json\/wp\/v2\/product_cat?post=9315"},{"taxonomy":"product_tag","embeddable":true,"href":"https:\/\/asiadimsum.com\/en\/wp-json\/wp\/v2\/product_tag?post=9315"}],"curies":[{"name":"wp","href":"https:\/\/api.w.org\/{rel}","templated":true}]}}