{"id":9329,"date":"2022-08-11T16:51:11","date_gmt":"2022-08-11T15:51:11","guid":{"rendered":"https:\/\/asiadimsum.com\/?post_type=product&#038;p=9329"},"modified":"2022-08-11T16:51:12","modified_gmt":"2022-08-11T15:51:12","slug":"atadito-vegetal","status":"publish","type":"product","link":"https:\/\/asiadimsum.com\/en\/product\/atadito-vegetal\/","title":{"rendered":"Atadito vegetal"},"content":{"rendered":"<p>Ingredientes:<\/p>\n<p>Repollo, harina de <strong>trigo<\/strong>, agua, zanahoria, patata, champi\u00f1\u00f3n, jud\u00eda, cebolla, az\u00facar, sal, cebolleta, aceite de palma, y lazo de alga kombu.<\/p>\n","protected":false},"excerpt":{"rendered":"<p>Ingredientes: Repollo, harina de trigo, agua, zanahoria, patata, champi\u00f1\u00f3n, jud\u00eda, cebolla, az\u00facar, sal, cebolleta, aceite de palma, y lazo de alga kombu.<\/p>\n","protected":false},"featured_media":9232,"template":"","meta":[],"product_brand":[],"product_cat":[15],"product_tag":[],"class_list":{"0":"post-9329","1":"product","2":"type-product","3":"status-publish","4":"has-post-thumbnail","6":"product_cat-otros","8":"first","9":"instock","10":"shipping-taxable","11":"product-type-simple"},"_links":{"self":[{"href":"https:\/\/asiadimsum.com\/en\/wp-json\/wp\/v2\/product\/9329","targetHints":{"allow":["GET"]}}],"collection":[{"href":"https:\/\/asiadimsum.com\/en\/wp-json\/wp\/v2\/product"}],"about":[{"href":"https:\/\/asiadimsum.com\/en\/wp-json\/wp\/v2\/types\/product"}],"wp:featuredmedia":[{"embeddable":true,"href":"https:\/\/asiadimsum.com\/en\/wp-json\/wp\/v2\/media\/9232"}],"wp:attachment":[{"href":"https:\/\/asiadimsum.com\/en\/wp-json\/wp\/v2\/media?parent=9329"}],"wp:term":[{"taxonomy":"product_brand","embeddable":true,"href":"https:\/\/asiadimsum.com\/en\/wp-json\/wp\/v2\/product_brand?post=9329"},{"taxonomy":"product_cat","embeddable":true,"href":"https:\/\/asiadimsum.com\/en\/wp-json\/wp\/v2\/product_cat?post=9329"},{"taxonomy":"product_tag","embeddable":true,"href":"https:\/\/asiadimsum.com\/en\/wp-json\/wp\/v2\/product_tag?post=9329"}],"curies":[{"name":"wp","href":"https:\/\/api.w.org\/{rel}","templated":true}]}}