{"id":9330,"date":"2022-08-11T17:02:38","date_gmt":"2022-08-11T16:02:38","guid":{"rendered":"https:\/\/asiadimsum.com\/?post_type=product&#038;p=9330"},"modified":"2022-08-11T17:02:38","modified_gmt":"2022-08-11T16:02:38","slug":"samosa-de-curry-vegetal","status":"publish","type":"product","link":"https:\/\/asiadimsum.com\/en\/product\/samosa-de-curry-vegetal\/","title":{"rendered":"Samosa de curry vegetal"},"content":{"rendered":"<p>Ingredientes:<\/p>\n<p>Harina de trigo, repollo, agua, zanahoria, cebolla, patata, champi\u00f1ones, f\u00e9cula de patata, jengibre, ajo, sal, az\u00facar, pimienta blanca, polvo curry, potenciador de sabor y aceite de palma.<\/p>\n","protected":false},"excerpt":{"rendered":"<p>Ingredientes: Harina de trigo, repollo, agua, zanahoria, cebolla, patata, champi\u00f1ones, f\u00e9cula de patata, jengibre, ajo, sal, az\u00facar, pimienta blanca, polvo curry, potenciador de sabor y aceite de palma.<\/p>\n","protected":false},"featured_media":9218,"template":"","meta":[],"product_brand":[],"product_cat":[15],"product_tag":[],"class_list":{"0":"post-9330","1":"product","2":"type-product","3":"status-publish","4":"has-post-thumbnail","6":"product_cat-otros","8":"first","9":"instock","10":"shipping-taxable","11":"product-type-simple"},"_links":{"self":[{"href":"https:\/\/asiadimsum.com\/en\/wp-json\/wp\/v2\/product\/9330","targetHints":{"allow":["GET"]}}],"collection":[{"href":"https:\/\/asiadimsum.com\/en\/wp-json\/wp\/v2\/product"}],"about":[{"href":"https:\/\/asiadimsum.com\/en\/wp-json\/wp\/v2\/types\/product"}],"wp:featuredmedia":[{"embeddable":true,"href":"https:\/\/asiadimsum.com\/en\/wp-json\/wp\/v2\/media\/9218"}],"wp:attachment":[{"href":"https:\/\/asiadimsum.com\/en\/wp-json\/wp\/v2\/media?parent=9330"}],"wp:term":[{"taxonomy":"product_brand","embeddable":true,"href":"https:\/\/asiadimsum.com\/en\/wp-json\/wp\/v2\/product_brand?post=9330"},{"taxonomy":"product_cat","embeddable":true,"href":"https:\/\/asiadimsum.com\/en\/wp-json\/wp\/v2\/product_cat?post=9330"},{"taxonomy":"product_tag","embeddable":true,"href":"https:\/\/asiadimsum.com\/en\/wp-json\/wp\/v2\/product_tag?post=9330"}],"curies":[{"name":"wp","href":"https:\/\/api.w.org\/{rel}","templated":true}]}}