{"id":9332,"date":"2022-08-11T17:06:41","date_gmt":"2022-08-11T16:06:41","guid":{"rendered":"https:\/\/asiadimsum.com\/?post_type=product&#038;p=9332"},"modified":"2022-08-11T17:06:41","modified_gmt":"2022-08-11T16:06:41","slug":"sau-mai-4-estaciones","status":"publish","type":"product","link":"https:\/\/asiadimsum.com\/en\/product\/sau-mai-4-estaciones\/","title":{"rendered":"Sau Mai 4 estaciones"},"content":{"rendered":"<p>Ingredientes:<\/p>\n<p>Agua, harina de <strong>trigo<\/strong>, carne de pollo, repollo, estabilizante , ra\u00edz de loto, cebolla, chalote, aceite de <strong>soja<\/strong>, almid\u00f3n de patata, aceite de <strong>s\u00e9samo<\/strong>, salsa de <strong>soja<\/strong> , sal, aceite de manteca, jengibre, az\u00facar, salsa de <strong>ostra<\/strong> \u00a0y pimienta.<\/p>\n<p><strong>Aderezos: <\/strong>Zanahoria, jud\u00edas verdes, seta y ma\u00edz dulce.<\/p>\n","protected":false},"excerpt":{"rendered":"<p>Ingredientes: Agua, harina de trigo, carne de pollo, repollo, estabilizante , ra\u00edz de loto, cebolla, chalote, aceite de soja, almid\u00f3n de patata, aceite de s\u00e9samo, salsa de soja , sal, aceite de manteca, jengibre, az\u00facar, salsa de ostra \u00a0y pimienta. Aderezos: Zanahoria, jud\u00edas verdes, seta y ma\u00edz dulce.<\/p>\n","protected":false},"featured_media":9171,"template":"","meta":[],"product_brand":[],"product_cat":[80],"product_tag":[],"class_list":{"0":"post-9332","1":"product","2":"type-product","3":"status-publish","4":"has-post-thumbnail","6":"product_cat-sao-mai","8":"first","9":"instock","10":"shipping-taxable","11":"product-type-simple"},"_links":{"self":[{"href":"https:\/\/asiadimsum.com\/en\/wp-json\/wp\/v2\/product\/9332","targetHints":{"allow":["GET"]}}],"collection":[{"href":"https:\/\/asiadimsum.com\/en\/wp-json\/wp\/v2\/product"}],"about":[{"href":"https:\/\/asiadimsum.com\/en\/wp-json\/wp\/v2\/types\/product"}],"wp:featuredmedia":[{"embeddable":true,"href":"https:\/\/asiadimsum.com\/en\/wp-json\/wp\/v2\/media\/9171"}],"wp:attachment":[{"href":"https:\/\/asiadimsum.com\/en\/wp-json\/wp\/v2\/media?parent=9332"}],"wp:term":[{"taxonomy":"product_brand","embeddable":true,"href":"https:\/\/asiadimsum.com\/en\/wp-json\/wp\/v2\/product_brand?post=9332"},{"taxonomy":"product_cat","embeddable":true,"href":"https:\/\/asiadimsum.com\/en\/wp-json\/wp\/v2\/product_cat?post=9332"},{"taxonomy":"product_tag","embeddable":true,"href":"https:\/\/asiadimsum.com\/en\/wp-json\/wp\/v2\/product_tag?post=9332"}],"curies":[{"name":"wp","href":"https:\/\/api.w.org\/{rel}","templated":true}]}}