{"id":9334,"date":"2022-08-11T17:10:11","date_gmt":"2022-08-11T16:10:11","guid":{"rendered":"https:\/\/asiadimsum.com\/?post_type=product&#038;p=9334"},"modified":"2022-08-11T17:10:11","modified_gmt":"2022-08-11T16:10:11","slug":"empanadilla-vegetal-shuijing","status":"publish","type":"product","link":"https:\/\/asiadimsum.com\/en\/product\/empanadilla-vegetal-shuijing\/","title":{"rendered":"Empanadilla vegetal Shuijing"},"content":{"rendered":"<p>Ingredientes:<\/p>\n<p>Almid\u00f3n de <strong>trigo<\/strong>, f\u00e9cula de patata, repollo, bamb\u00fa, pack choi, zanahoria, r\u00e1bano, setas shitake, aceite de palma, sal, az\u00facar, aceite de <strong>s\u00e9samo<\/strong>, potenciador de sabor y pimienta.<\/p>\n","protected":false},"excerpt":{"rendered":"<p>Empanadilla vegetal Shuijing (30gr)<\/p>\n<p>Precocinado y congelado.<\/p>\n","protected":false},"featured_media":9175,"template":"","meta":[],"product_brand":[],"product_cat":[79],"product_tag":[],"class_list":{"0":"post-9334","1":"product","2":"type-product","3":"status-publish","4":"has-post-thumbnail","6":"product_cat-empanadillas","8":"first","9":"instock","10":"shipping-taxable","11":"product-type-simple"},"_links":{"self":[{"href":"https:\/\/asiadimsum.com\/en\/wp-json\/wp\/v2\/product\/9334","targetHints":{"allow":["GET"]}}],"collection":[{"href":"https:\/\/asiadimsum.com\/en\/wp-json\/wp\/v2\/product"}],"about":[{"href":"https:\/\/asiadimsum.com\/en\/wp-json\/wp\/v2\/types\/product"}],"wp:featuredmedia":[{"embeddable":true,"href":"https:\/\/asiadimsum.com\/en\/wp-json\/wp\/v2\/media\/9175"}],"wp:attachment":[{"href":"https:\/\/asiadimsum.com\/en\/wp-json\/wp\/v2\/media?parent=9334"}],"wp:term":[{"taxonomy":"product_brand","embeddable":true,"href":"https:\/\/asiadimsum.com\/en\/wp-json\/wp\/v2\/product_brand?post=9334"},{"taxonomy":"product_cat","embeddable":true,"href":"https:\/\/asiadimsum.com\/en\/wp-json\/wp\/v2\/product_cat?post=9334"},{"taxonomy":"product_tag","embeddable":true,"href":"https:\/\/asiadimsum.com\/en\/wp-json\/wp\/v2\/product_tag?post=9334"}],"curies":[{"name":"wp","href":"https:\/\/api.w.org\/{rel}","templated":true}]}}